{"id":20527,"date":"2025-01-21T13:13:56","date_gmt":"2025-01-21T12:13:56","guid":{"rendered":"https:\/\/kursy.lang.com.pl\/?post_type=product&#038;p=20527"},"modified":"2025-02-06T13:54:57","modified_gmt":"2025-02-06T12:54:57","slug":"ielts-writing-expert-coaching","status":"publish","type":"product","link":"https:\/\/kursy.lang.com.pl\/en\/sklep\/ielts-writing-expert-coaching\/","title":{"rendered":"IELTS Writing: Expert Coaching"},"content":{"rendered":"<p>Podnie\u015b swoje umiej\u0119tno\u015bci w cz\u0119\u015bci IELTS Writing i zdob\u0105d\u017a wymarzon\u0105 punktacj\u0119 w te\u015bcie dzi\u0119ki mo\u017cliwo\u015bci sprawdzenia Twojej pracy z ekspertem!<\/p>\n<p><strong>Korzy\u015bci z IELTS Writing Ekspert Coaching:<\/strong><\/p>\n<ol>\n<li>Piszesz zadanie analogicznie jak podczas testu, co zwi\u0119ksza Twoj\u0105 pewno\u015b\u0107 siebie.<\/li>\n<li>Otrzymujesz dok\u0142adn\u0105 analiz\u0119 swojego zadania, w tym wskaz\u00f3wki dotycz\u0105ce b\u0142\u0119d\u00f3w i obszar\u00f3w do poprawy.<\/li>\n<li>Dowiesz si\u0119, jak s\u0105 punktowane r\u00f3\u017cne aspekty pisania, co pozwoli Ci lepiej przygotowa\u0107 si\u0119 do testu.<\/li>\n<li>Uzyskasz konkretne porady i przyk\u0142ady, kt\u00f3re pomog\u0105 Ci poprawi\u0107 jako\u015b\u0107 Twojego pisania.<\/li>\n<li>Coaching dostosowuje si\u0119 do Twoich potrzeb, co sprawia, \u017ce nauka jest bardziej efektywna.<\/li>\n<\/ol>\n<p>Inwestuj w swoje umiej\u0119tno\u015bci i osi\u0105gnij wymarzone wyniki w IELTS!<\/p>\n<p>Improve your skills in the IELTS Writing section and get your dream score in the test with the opportunity to review your work with an expert!<\/p>\n<p>&#8212;-<\/p>\n<p><strong>Benefits of IELTS Writing Expert Coaching:<\/strong>.<\/p>\n<ol>\n<li>you write the task analogously to the test, which increases your confidence.<\/li>\n<li>you receive a thorough analysis of your assignment, including tips on errors and areas for improvement.<\/li>\n<li>you learn how different aspects of your writing are scored, allowing you to better prepare for the test.<\/li>\n<li>You will get specific advice and examples to help you improve your writing.<\/li>\n<li>coaching adapts to your needs, making learning more effective.<\/li>\n<\/ol>\n<p>Invest in your skills and achieve your dream IELTS results!<\/p>\n<p><!-- notionvc: c4a194fa-7dfe-4b76-b5b7-f39447b971d9 --><\/p>\n","protected":false},"excerpt":{"rendered":"<p>Podnie\u015b swoje umiej\u0119tno\u015bci w cz\u0119\u015bci IELTS Writing i zdob\u0105d\u017a wymarzon\u0105 punktacj\u0119 w te\u015bcie dzi\u0119ki mo\u017cliwo\u015bci sprawdzenia Twojej pracy z ekspertem! Korzy\u015bci z IELTS Writing Ekspert Coaching: Piszesz zadanie analogicznie jak &#8230; <a title=\"IELTS Writing: Expert Coaching\" class=\"read-more\" href=\"https:\/\/kursy.lang.com.pl\/en\/sklep\/ielts-writing-expert-coaching\/\" aria-label=\"More on IELTS Writing: Expert Coaching\">Read more<\/a><\/p>\n","protected":false},"featured_media":20613,"template":"","meta":[],"product_brand":[],"product_cat":[219],"product_tag":[],"class_list":{"0":"post-20527","1":"product","2":"type-product","3":"status-publish","4":"has-post-thumbnail","6":"product_cat-ielts","8":"first","9":"instock","10":"virtual","11":"purchasable","12":"product-type-simple"},"yoast_head":"<!-- This site is optimized with the Yoast SEO plugin v27.0 - https:\/\/yoast.com\/product\/yoast-seo-wordpress\/ -->\n<title>IELTS Writing: Expert Coaching - Lang LTC Courses<\/title>\n<meta name=\"robots\" content=\"index, follow, max-snippet:-1, max-image-preview:large, max-video-preview:-1\" \/>\n<link rel=\"canonical\" href=\"https:\/\/kursy.lang.com.pl\/sklep\/ielts-writing-expert-coaching\/\" \/>\n<meta property=\"og:locale\" content=\"en_US\" \/>\n<meta property=\"og:type\" content=\"article\" \/>\n<meta property=\"og:title\" content=\"IELTS Writing: Expert Coaching - Lang LTC Courses\" \/>\n<meta property=\"og:description\" content=\"Podnie\u015b swoje umiej\u0119tno\u015bci w cz\u0119\u015bci IELTS Writing i zdob\u0105d\u017a wymarzon\u0105 punktacj\u0119 w te\u015bcie dzi\u0119ki mo\u017cliwo\u015bci sprawdzenia Twojej pracy z ekspertem! Korzy\u015bci z IELTS Writing Ekspert Coaching: Piszesz zadanie analogicznie jak ... Read more\" \/>\n<meta property=\"og:url\" content=\"https:\/\/kursy.lang.com.pl\/sklep\/ielts-writing-expert-coaching\/\" \/>\n<meta property=\"og:site_name\" content=\"Lang LTC Courses\" \/>\n<meta property=\"article:modified_time\" content=\"2025-02-06T12:54:57+00:00\" \/>\n<meta property=\"og:image\" content=\"https:\/\/kursy.lang.com.pl\/wp-content\/uploads\/2025\/01\/IELTS-Expert-Coaching-Writing.png\" \/>\n\t<meta property=\"og:image:width\" content=\"1200\" \/>\n\t<meta property=\"og:image:height\" content=\"1200\" \/>\n\t<meta property=\"og:image:type\" content=\"image\/png\" \/>\n<meta name=\"twitter:card\" content=\"summary_large_image\" \/>\n<meta name=\"twitter:label1\" content=\"Est. reading time\" \/>\n\t<meta name=\"twitter:data1\" content=\"2 minutes\" \/>\n<script type=\"application\/ld+json\" class=\"yoast-schema-graph\">{\"@context\":\"https:\/\/schema.org\",\"@graph\":[{\"@type\":\"WebPage\",\"@id\":\"https:\/\/kursy.lang.com.pl\/sklep\/ielts-writing-expert-coaching\/\",\"url\":\"https:\/\/kursy.lang.com.pl\/sklep\/ielts-writing-expert-coaching\/\",\"name\":\"IELTS Writing: Expert Coaching - Lang LTC Courses\",\"isPartOf\":{\"@id\":\"https:\/\/kursy.lang.com.pl\/#website\"},\"primaryImageOfPage\":{\"@id\":\"https:\/\/kursy.lang.com.pl\/sklep\/ielts-writing-expert-coaching\/#primaryimage\"},\"image\":{\"@id\":\"https:\/\/kursy.lang.com.pl\/sklep\/ielts-writing-expert-coaching\/#primaryimage\"},\"thumbnailUrl\":\"https:\/\/kursy.lang.com.pl\/wp-content\/uploads\/2025\/01\/IELTS-Expert-Coaching-Writing.png\",\"datePublished\":\"2025-01-21T12:13:56+00:00\",\"dateModified\":\"2025-02-06T12:54:57+00:00\",\"breadcrumb\":{\"@id\":\"https:\/\/kursy.lang.com.pl\/sklep\/ielts-writing-expert-coaching\/#breadcrumb\"},\"inLanguage\":\"en-US\",\"potentialAction\":[{\"@type\":\"ReadAction\",\"target\":[\"https:\/\/kursy.lang.com.pl\/sklep\/ielts-writing-expert-coaching\/\"]}]},{\"@type\":\"ImageObject\",\"inLanguage\":\"en-US\",\"@id\":\"https:\/\/kursy.lang.com.pl\/sklep\/ielts-writing-expert-coaching\/#primaryimage\",\"url\":\"https:\/\/kursy.lang.com.pl\/wp-content\/uploads\/2025\/01\/IELTS-Expert-Coaching-Writing.png\",\"contentUrl\":\"https:\/\/kursy.lang.com.pl\/wp-content\/uploads\/2025\/01\/IELTS-Expert-Coaching-Writing.png\",\"width\":1200,\"height\":1200},{\"@type\":\"BreadcrumbList\",\"@id\":\"https:\/\/kursy.lang.com.pl\/sklep\/ielts-writing-expert-coaching\/#breadcrumb\",\"itemListElement\":[{\"@type\":\"ListItem\",\"position\":1,\"name\":\"Strona g\u0142\u00f3wna\",\"item\":\"https:\/\/kursy.lang.com.pl\/en\/\"},{\"@type\":\"ListItem\",\"position\":2,\"name\":\"Sklep\",\"item\":\"https:\/\/kursy.lang.com.pl\/sklep\/\"},{\"@type\":\"ListItem\",\"position\":3,\"name\":\"IELTS Writing: Expert Coaching\"}]},{\"@type\":\"WebSite\",\"@id\":\"https:\/\/kursy.lang.com.pl\/#website\",\"url\":\"https:\/\/kursy.lang.com.pl\/\",\"name\":\"Lang LTC Courses\",\"description\":\"\",\"publisher\":{\"@id\":\"https:\/\/kursy.lang.com.pl\/#organization\"},\"potentialAction\":[{\"@type\":\"SearchAction\",\"target\":{\"@type\":\"EntryPoint\",\"urlTemplate\":\"https:\/\/kursy.lang.com.pl\/?s={search_term_string}\"},\"query-input\":{\"@type\":\"PropertyValueSpecification\",\"valueRequired\":true,\"valueName\":\"search_term_string\"}}],\"inLanguage\":\"en-US\"},{\"@type\":\"Organization\",\"@id\":\"https:\/\/kursy.lang.com.pl\/#organization\",\"name\":\"Lang LTC Courses\",\"url\":\"https:\/\/kursy.lang.com.pl\/\",\"logo\":{\"@type\":\"ImageObject\",\"inLanguage\":\"en-US\",\"@id\":\"https:\/\/kursy.lang.com.pl\/#\/schema\/logo\/image\/\",\"url\":\"https:\/\/kursy.lang.com.pl\/wp-content\/uploads\/2024\/06\/cropped-cropped-logo-ltc-print.png\",\"contentUrl\":\"https:\/\/kursy.lang.com.pl\/wp-content\/uploads\/2024\/06\/cropped-cropped-logo-ltc-print.png\",\"width\":996,\"height\":657,\"caption\":\"Lang LTC Courses\"},\"image\":{\"@id\":\"https:\/\/kursy.lang.com.pl\/#\/schema\/logo\/image\/\"}}]}<\/script>\n<!-- \/ Yoast SEO plugin. -->","yoast_head_json":{"title":"IELTS Writing: Expert Coaching - Lang LTC Courses","robots":{"index":"index","follow":"follow","max-snippet":"max-snippet:-1","max-image-preview":"max-image-preview:large","max-video-preview":"max-video-preview:-1"},"canonical":"https:\/\/kursy.lang.com.pl\/sklep\/ielts-writing-expert-coaching\/","og_locale":"en_US","og_type":"article","og_title":"IELTS Writing: Expert Coaching - Lang LTC Courses","og_description":"Podnie\u015b swoje umiej\u0119tno\u015bci w cz\u0119\u015bci IELTS Writing i zdob\u0105d\u017a wymarzon\u0105 punktacj\u0119 w te\u015bcie dzi\u0119ki mo\u017cliwo\u015bci sprawdzenia Twojej pracy z ekspertem! Korzy\u015bci z IELTS Writing Ekspert Coaching: Piszesz zadanie analogicznie jak ... Read more","og_url":"https:\/\/kursy.lang.com.pl\/sklep\/ielts-writing-expert-coaching\/","og_site_name":"Lang LTC Courses","article_modified_time":"2025-02-06T12:54:57+00:00","og_image":[{"width":1200,"height":1200,"url":"https:\/\/kursy.lang.com.pl\/wp-content\/uploads\/2025\/01\/IELTS-Expert-Coaching-Writing.png","type":"image\/png"}],"twitter_card":"summary_large_image","twitter_misc":{"Est. reading time":"2 minutes"},"schema":{"@context":"https:\/\/schema.org","@graph":[{"@type":"WebPage","@id":"https:\/\/kursy.lang.com.pl\/sklep\/ielts-writing-expert-coaching\/","url":"https:\/\/kursy.lang.com.pl\/sklep\/ielts-writing-expert-coaching\/","name":"IELTS Writing: Expert Coaching - Lang LTC Courses","isPartOf":{"@id":"https:\/\/kursy.lang.com.pl\/#website"},"primaryImageOfPage":{"@id":"https:\/\/kursy.lang.com.pl\/sklep\/ielts-writing-expert-coaching\/#primaryimage"},"image":{"@id":"https:\/\/kursy.lang.com.pl\/sklep\/ielts-writing-expert-coaching\/#primaryimage"},"thumbnailUrl":"https:\/\/kursy.lang.com.pl\/wp-content\/uploads\/2025\/01\/IELTS-Expert-Coaching-Writing.png","datePublished":"2025-01-21T12:13:56+00:00","dateModified":"2025-02-06T12:54:57+00:00","breadcrumb":{"@id":"https:\/\/kursy.lang.com.pl\/sklep\/ielts-writing-expert-coaching\/#breadcrumb"},"inLanguage":"en-US","potentialAction":[{"@type":"ReadAction","target":["https:\/\/kursy.lang.com.pl\/sklep\/ielts-writing-expert-coaching\/"]}]},{"@type":"ImageObject","inLanguage":"en-US","@id":"https:\/\/kursy.lang.com.pl\/sklep\/ielts-writing-expert-coaching\/#primaryimage","url":"https:\/\/kursy.lang.com.pl\/wp-content\/uploads\/2025\/01\/IELTS-Expert-Coaching-Writing.png","contentUrl":"https:\/\/kursy.lang.com.pl\/wp-content\/uploads\/2025\/01\/IELTS-Expert-Coaching-Writing.png","width":1200,"height":1200},{"@type":"BreadcrumbList","@id":"https:\/\/kursy.lang.com.pl\/sklep\/ielts-writing-expert-coaching\/#breadcrumb","itemListElement":[{"@type":"ListItem","position":1,"name":"Strona g\u0142\u00f3wna","item":"https:\/\/kursy.lang.com.pl\/en\/"},{"@type":"ListItem","position":2,"name":"Sklep","item":"https:\/\/kursy.lang.com.pl\/sklep\/"},{"@type":"ListItem","position":3,"name":"IELTS Writing: Expert Coaching"}]},{"@type":"WebSite","@id":"https:\/\/kursy.lang.com.pl\/#website","url":"https:\/\/kursy.lang.com.pl\/","name":"Lang LTC Courses","description":"","publisher":{"@id":"https:\/\/kursy.lang.com.pl\/#organization"},"potentialAction":[{"@type":"SearchAction","target":{"@type":"EntryPoint","urlTemplate":"https:\/\/kursy.lang.com.pl\/?s={search_term_string}"},"query-input":{"@type":"PropertyValueSpecification","valueRequired":true,"valueName":"search_term_string"}}],"inLanguage":"en-US"},{"@type":"Organization","@id":"https:\/\/kursy.lang.com.pl\/#organization","name":"Lang LTC Courses","url":"https:\/\/kursy.lang.com.pl\/","logo":{"@type":"ImageObject","inLanguage":"en-US","@id":"https:\/\/kursy.lang.com.pl\/#\/schema\/logo\/image\/","url":"https:\/\/kursy.lang.com.pl\/wp-content\/uploads\/2024\/06\/cropped-cropped-logo-ltc-print.png","contentUrl":"https:\/\/kursy.lang.com.pl\/wp-content\/uploads\/2024\/06\/cropped-cropped-logo-ltc-print.png","width":996,"height":657,"caption":"Lang LTC Courses"},"image":{"@id":"https:\/\/kursy.lang.com.pl\/#\/schema\/logo\/image\/"}}]}},"_links":{"self":[{"href":"https:\/\/kursy.lang.com.pl\/en\/wp-json\/wp\/v2\/product\/20527","targetHints":{"allow":["GET"]}}],"collection":[{"href":"https:\/\/kursy.lang.com.pl\/en\/wp-json\/wp\/v2\/product"}],"about":[{"href":"https:\/\/kursy.lang.com.pl\/en\/wp-json\/wp\/v2\/types\/product"}],"wp:featuredmedia":[{"embeddable":true,"href":"https:\/\/kursy.lang.com.pl\/en\/wp-json\/wp\/v2\/media\/20613"}],"wp:attachment":[{"href":"https:\/\/kursy.lang.com.pl\/en\/wp-json\/wp\/v2\/media?parent=20527"}],"wp:term":[{"taxonomy":"product_brand","embeddable":true,"href":"https:\/\/kursy.lang.com.pl\/en\/wp-json\/wp\/v2\/product_brand?post=20527"},{"taxonomy":"product_cat","embeddable":true,"href":"https:\/\/kursy.lang.com.pl\/en\/wp-json\/wp\/v2\/product_cat?post=20527"},{"taxonomy":"product_tag","embeddable":true,"href":"https:\/\/kursy.lang.com.pl\/en\/wp-json\/wp\/v2\/product_tag?post=20527"}],"curies":[{"name":"wp","href":"https:\/\/api.w.org\/{rel}","templated":true}]}}