{"id":20367,"date":"2024-12-05T10:19:01","date_gmt":"2024-12-05T09:19:01","guid":{"rendered":"https:\/\/kursy.lang.com.pl\/?post_type=product&#038;p=20367"},"modified":"2025-02-11T11:36:56","modified_gmt":"2025-02-11T10:36:56","slug":"b2-first-quick-preparation","status":"publish","type":"product","link":"https:\/\/kursy.lang.com.pl\/en\/sklep\/b2-first-quick-preparation\/","title":{"rendered":"B2 First Certificate Masterclass"},"content":{"rendered":"<div id=\"app\">\n<div id=\"appContainer\" class=\"QdrUx UU8iG body-164\">\n<div class=\"Flvp1 customScrollBar\">\n<div id=\"mainApp\" class=\"NzIuH zloVf\">\n<div class=\"gU1Tf\">\n<div class=\"I3sS5\">\n<div id=\"MainModule\" class=\"FJ4hV\">\n<div class=\"SW7A6\">\n<div class=\"LBktY\">\n<div class=\"q9iRC css-305\" data-max-width=\"2400\">\n<div class=\"HOVUa\">\n<div class=\"nbmyu FkPdL czwRD LCprM\">\n<div id=\"Skip to message-region\" class=\"Mq3cC css-308\" tabindex=\"-1\" role=\"main\" data-app-section=\"MailReadCompose\" aria-label=\"Reading Pane\" data-skip-link-name=\"Skip to message\">\n<div id=\"ReadingPaneContainerId\" class=\"Xsklh VJZZC\">\n<div>\n<div class=\"g_zET\">\n<div>\n<div class=\"NiD4s\">\n<div class=\"fui-FluentProvider fui-FluentProviderr5u ___p1ubi60 f19n0e5 f3rmtva fgusgyc fk6fouc fkhj508 figsok6 fytdu2e f11ysow2 fly5x3f f22iagw\" dir=\"ltr\">\n<div id=\"ConversationReadingPaneContainer\" class=\"MtujV\" tabindex=\"-1\">\n<div class=\"L72vd\">\n<div class=\"Q8TCC yyYQP customScrollBar\" tabindex=\"-1\" aria-label=\"2 messages\" data-app-section=\"ConversationContainer\" data-is-scrollable=\"true\">\n<div>\n<div class=\"aVla3\">\n<div class=\"BS0OK\" aria-expanded=\"true\">\n<div>\n<div class=\"fui-FluentProvider fui-FluentProviderr60 ___5n94it0 f19n0e5 f3rmtva fgusgyc fk6fouc fkhj508 figsok6 fytdu2e\" dir=\"ltr\">\n<div class=\"wide-content-host\">\n<div id=\"focused\" class=\"SlLx9 WWy1F byzS1 WWy1F\" tabindex=\"-1\" aria-label=\"Email message\">\n<div role=\"document\">\n<div id=\"UniqueMessageBody_59\" class=\"XbIp4 Vi1QO GNqVo allowTextSelection OuGoX\" tabindex=\"0\" aria-label=\"Message body\">\n<div>\n<div>\n<div dir=\"auto\">\n<div dir=\"ltr\">\n<h4 data-olk-copy-source=\"MessageBody\">&#x1f680; B2 First Masterclass \u2013 Tw\u00f3j Szybki i Skuteczny Spos\u00f3b na Sukces!<\/h4>\n<\/div>\n<div dir=\"ltr\">\n<div>Przygotuj si\u0119 do egzaminu B2 First (FCE) bez stresu, wygodnie i efektywnie!<\/div>\n<div><\/div>\n<\/div>\n<div dir=\"ltr\">\n<div><\/div>\n<h4><\/h4>\n<h4>&#x1f3af; Dlaczego warto?<\/h4>\n<div><strong>Gwarancja jako\u015bci:<\/strong> Kurs stworzony przez specjalist\u00f3w z wieloletnim do\u015bwiadczeniem z Platinum Cambridge Exam Centre.<\/div>\n<div><strong>Efektywno\u015b\u0107:<\/strong> wyb\u00f3r \u00a0zagadnie\u0144 i praktyczne strategie, kt\u00f3re naprawd\u0119 dzia\u0142aj\u0105.<\/div>\n<div><strong>Oszcz\u0119dno\u015b\u0107 czasu:<\/strong> Szybki dost\u0119p do wszystkich materia\u0142\u00f3w \u2013 prowadzimy Ci\u0119 za r\u0119k\u0119, a\u017c do samego egzaminu<\/div>\n<div><strong>Pewno\u015b\u0107 siebie:<\/strong> Zrozumiesz, czego oczekuj\u0105 egzaminatorzy i nauczysz si\u0119, jak zdoby\u0107 maksymaln\u0105 liczb\u0119 punkt\u00f3w.<\/div>\n<\/div>\n<\/div>\n<\/div>\n<\/div>\n<\/div>\n<div><\/div>\n<div id=\"UniqueMessageBody_59\" class=\"XbIp4 Vi1QO GNqVo allowTextSelection OuGoX\" tabindex=\"0\" aria-label=\"Message body\">\n<div>\n<div>\n<div><\/div>\n<div dir=\"auto\">\n<div dir=\"ltr\">\n<h4><\/h4>\n<h4>&#x1f4da; Co znajdziesz w programie kursu?<\/h4>\n<div><strong>Reading &amp; Use of English:<\/strong> Opanujesz techniki rozumienia tekst\u00f3w i skutecznego zastosowania regu\u0142 gramatyki oraz s\u0142ownictwa.<\/div>\n<div><strong>Writing:<\/strong> Nauczysz si\u0119 pisa\u0107 listy, artyku\u0142y i eseje \u015bwietnie punktowane przez egzaminator\u00f3w .<\/div>\n<div><strong>Listening:<\/strong> przygotujemy Ci\u0119 do lepszego rozumienia \u00a0nagra\u0144, akcent\u00f3w i styl\u00f3w.<\/div>\n<div><strong>Speaking:<\/strong> Zdob\u0119dziesz pewno\u015b\u0107 siebie , dzi\u0119ki praktycznym wskaz\u00f3wkom dot. cz\u0119\u015bci ustnej egzaminu<\/div>\n<div><strong>Strategie egzaminacyjne:<\/strong> Dowiesz si\u0119, jak efektywnie zarz\u0105dza\u0107 czasem, unika\u0107 pu\u0142apek egzaminacyjnych \u00a0i tym samym osi\u0105gn\u0105\u0107 wysoki wynik<\/div>\n<\/div>\n<div><\/div>\n<div dir=\"ltr\">\n<div>&#x2705; \u00a0Zaufaj sprawdzonym rozwi\u0105zaniom i przygotuj si\u0119 do egzaminu, uzyskaj dost\u0119p do kursu B2 First Masterclass<\/div>\n<\/div>\n<\/div>\n<\/div>\n<\/div>\n<\/div>\n<\/div>\n<\/div>\n<\/div>\n<\/div>\n<\/div>\n<\/div>\n<\/div>\n<\/div>\n<\/div>\n<\/div>\n<\/div>\n<\/div>\n<\/div>\n<\/div>\n<\/div>\n<\/div>\n<\/div>\n<\/div>\n<\/div>\n<\/div>\n<\/div>\n<\/div>\n<\/div>\n<\/div>\n<\/div>\n<\/div>\n<\/div>\n<\/div>\n<\/div>\n<\/div>\n","protected":false},"excerpt":{"rendered":"<p>&#x1f3af; <strong>Kurs Online do B2 First (FCE) \u2013 Skuteczna Droga do Certyfikatu!<\/strong> &#x1f3af;<\/p>\n<p>Przygotuj si\u0119 do egzaminu B2 First (FCE) bez stresu i z gwarancj\u0105 efekt\u00f3w! Nasz kurs online od Lang LTC \u2013 Platinum Cambridge Exam Centre to wygodne, elastyczne rozwi\u0105zanie, kt\u00f3re pozwoli Ci uczy\u0107 si\u0119 we w\u0142asnym tempie.\u00a0 Ucz si\u0119, kiedy chcesz i gdzie chcesz \u2013 bez wychodzenia z domu!<\/p>\n<p>&#x2705; <strong>Efektywnie. Szybko. Bez stresu.<\/strong> Zapisz si\u0119 ju\u017c dzi\u015b!<\/p>\n","protected":false},"featured_media":20456,"template":"","meta":[],"product_brand":[],"product_cat":[218],"product_tag":[],"class_list":{"0":"post-20367","1":"product","2":"type-product","3":"status-publish","4":"has-post-thumbnail","6":"product_cat-b2-intermediate","8":"first","9":"instock","10":"sale","11":"virtual","12":"sold-individually","13":"purchasable","14":"product-type-course"},"yoast_head":"<!-- This site is optimized with the Yoast SEO plugin v27.0 - https:\/\/yoast.com\/product\/yoast-seo-wordpress\/ -->\n<title>B2 First Certificate Masterclass - Lang LTC Courses<\/title>\n<meta name=\"robots\" content=\"index, follow, max-snippet:-1, max-image-preview:large, max-video-preview:-1\" \/>\n<link rel=\"canonical\" href=\"https:\/\/kursy.lang.com.pl\/sklep\/b2-first-quick-preparation\/\" \/>\n<meta property=\"og:locale\" content=\"en_US\" \/>\n<meta property=\"og:type\" content=\"article\" \/>\n<meta property=\"og:title\" content=\"B2 First Certificate Masterclass - Lang LTC Courses\" \/>\n<meta property=\"og:description\" content=\"&#x1f3af; Kurs Online do B2 First (FCE) \u2013 Skuteczna Droga do Certyfikatu! &#x1f3af;  Przygotuj si\u0119 do egzaminu B2 First (FCE) bez stresu i z gwarancj\u0105 efekt\u00f3w! Nasz kurs online od Lang LTC \u2013 Platinum Cambridge Exam Centre to wygodne, elastyczne rozwi\u0105zanie, kt\u00f3re pozwoli Ci uczy\u0107 si\u0119 we w\u0142asnym tempie.\u00a0 Ucz si\u0119, kiedy chcesz i gdzie chcesz \u2013 bez wychodzenia z domu!  &#x2705; Efektywnie. Szybko. Bez stresu. Zapisz si\u0119 ju\u017c dzi\u015b!\" \/>\n<meta property=\"og:url\" content=\"https:\/\/kursy.lang.com.pl\/sklep\/b2-first-quick-preparation\/\" \/>\n<meta property=\"og:site_name\" content=\"Lang LTC Courses\" \/>\n<meta property=\"article:modified_time\" content=\"2025-02-11T10:36:56+00:00\" \/>\n<meta property=\"og:image\" content=\"https:\/\/kursy.lang.com.pl\/wp-content\/uploads\/2024\/12\/B2-Masterclass.png\" \/>\n\t<meta property=\"og:image:width\" content=\"1080\" \/>\n\t<meta property=\"og:image:height\" content=\"1080\" \/>\n\t<meta property=\"og:image:type\" content=\"image\/png\" \/>\n<meta name=\"twitter:card\" content=\"summary_large_image\" \/>\n<meta name=\"twitter:label1\" content=\"Est. reading time\" \/>\n\t<meta name=\"twitter:data1\" content=\"2 minutes\" \/>\n<script type=\"application\/ld+json\" class=\"yoast-schema-graph\">{\"@context\":\"https:\/\/schema.org\",\"@graph\":[{\"@type\":\"WebPage\",\"@id\":\"https:\/\/kursy.lang.com.pl\/sklep\/b2-first-quick-preparation\/\",\"url\":\"https:\/\/kursy.lang.com.pl\/sklep\/b2-first-quick-preparation\/\",\"name\":\"B2 First Certificate Masterclass - Lang LTC Courses\",\"isPartOf\":{\"@id\":\"https:\/\/kursy.lang.com.pl\/#website\"},\"primaryImageOfPage\":{\"@id\":\"https:\/\/kursy.lang.com.pl\/sklep\/b2-first-quick-preparation\/#primaryimage\"},\"image\":{\"@id\":\"https:\/\/kursy.lang.com.pl\/sklep\/b2-first-quick-preparation\/#primaryimage\"},\"thumbnailUrl\":\"https:\/\/kursy.lang.com.pl\/wp-content\/uploads\/2024\/12\/B2-Masterclass.png\",\"datePublished\":\"2024-12-05T09:19:01+00:00\",\"dateModified\":\"2025-02-11T10:36:56+00:00\",\"breadcrumb\":{\"@id\":\"https:\/\/kursy.lang.com.pl\/sklep\/b2-first-quick-preparation\/#breadcrumb\"},\"inLanguage\":\"en-US\",\"potentialAction\":[{\"@type\":\"ReadAction\",\"target\":[\"https:\/\/kursy.lang.com.pl\/sklep\/b2-first-quick-preparation\/\"]}]},{\"@type\":\"ImageObject\",\"inLanguage\":\"en-US\",\"@id\":\"https:\/\/kursy.lang.com.pl\/sklep\/b2-first-quick-preparation\/#primaryimage\",\"url\":\"https:\/\/kursy.lang.com.pl\/wp-content\/uploads\/2024\/12\/B2-Masterclass.png\",\"contentUrl\":\"https:\/\/kursy.lang.com.pl\/wp-content\/uploads\/2024\/12\/B2-Masterclass.png\",\"width\":1080,\"height\":1080},{\"@type\":\"BreadcrumbList\",\"@id\":\"https:\/\/kursy.lang.com.pl\/sklep\/b2-first-quick-preparation\/#breadcrumb\",\"itemListElement\":[{\"@type\":\"ListItem\",\"position\":1,\"name\":\"Strona g\u0142\u00f3wna\",\"item\":\"https:\/\/kursy.lang.com.pl\/en\/\"},{\"@type\":\"ListItem\",\"position\":2,\"name\":\"Sklep\",\"item\":\"https:\/\/kursy.lang.com.pl\/sklep\/\"},{\"@type\":\"ListItem\",\"position\":3,\"name\":\"B2 First Certificate Masterclass\"}]},{\"@type\":\"WebSite\",\"@id\":\"https:\/\/kursy.lang.com.pl\/#website\",\"url\":\"https:\/\/kursy.lang.com.pl\/\",\"name\":\"Lang LTC Courses\",\"description\":\"\",\"publisher\":{\"@id\":\"https:\/\/kursy.lang.com.pl\/#organization\"},\"potentialAction\":[{\"@type\":\"SearchAction\",\"target\":{\"@type\":\"EntryPoint\",\"urlTemplate\":\"https:\/\/kursy.lang.com.pl\/?s={search_term_string}\"},\"query-input\":{\"@type\":\"PropertyValueSpecification\",\"valueRequired\":true,\"valueName\":\"search_term_string\"}}],\"inLanguage\":\"en-US\"},{\"@type\":\"Organization\",\"@id\":\"https:\/\/kursy.lang.com.pl\/#organization\",\"name\":\"Lang LTC Courses\",\"url\":\"https:\/\/kursy.lang.com.pl\/\",\"logo\":{\"@type\":\"ImageObject\",\"inLanguage\":\"en-US\",\"@id\":\"https:\/\/kursy.lang.com.pl\/#\/schema\/logo\/image\/\",\"url\":\"https:\/\/kursy.lang.com.pl\/wp-content\/uploads\/2024\/06\/cropped-cropped-logo-ltc-print.png\",\"contentUrl\":\"https:\/\/kursy.lang.com.pl\/wp-content\/uploads\/2024\/06\/cropped-cropped-logo-ltc-print.png\",\"width\":996,\"height\":657,\"caption\":\"Lang LTC Courses\"},\"image\":{\"@id\":\"https:\/\/kursy.lang.com.pl\/#\/schema\/logo\/image\/\"}}]}<\/script>\n<!-- \/ Yoast SEO plugin. -->","yoast_head_json":{"title":"B2 First Certificate Masterclass - Lang LTC Courses","robots":{"index":"index","follow":"follow","max-snippet":"max-snippet:-1","max-image-preview":"max-image-preview:large","max-video-preview":"max-video-preview:-1"},"canonical":"https:\/\/kursy.lang.com.pl\/sklep\/b2-first-quick-preparation\/","og_locale":"en_US","og_type":"article","og_title":"B2 First Certificate Masterclass - Lang LTC Courses","og_description":"&#x1f3af; Kurs Online do B2 First (FCE) \u2013 Skuteczna Droga do Certyfikatu! &#x1f3af;  Przygotuj si\u0119 do egzaminu B2 First (FCE) bez stresu i z gwarancj\u0105 efekt\u00f3w! Nasz kurs online od Lang LTC \u2013 Platinum Cambridge Exam Centre to wygodne, elastyczne rozwi\u0105zanie, kt\u00f3re pozwoli Ci uczy\u0107 si\u0119 we w\u0142asnym tempie.\u00a0 Ucz si\u0119, kiedy chcesz i gdzie chcesz \u2013 bez wychodzenia z domu!  &#x2705; Efektywnie. Szybko. Bez stresu. Zapisz si\u0119 ju\u017c dzi\u015b!","og_url":"https:\/\/kursy.lang.com.pl\/sklep\/b2-first-quick-preparation\/","og_site_name":"Lang LTC Courses","article_modified_time":"2025-02-11T10:36:56+00:00","og_image":[{"width":1080,"height":1080,"url":"https:\/\/kursy.lang.com.pl\/wp-content\/uploads\/2024\/12\/B2-Masterclass.png","type":"image\/png"}],"twitter_card":"summary_large_image","twitter_misc":{"Est. reading time":"2 minutes"},"schema":{"@context":"https:\/\/schema.org","@graph":[{"@type":"WebPage","@id":"https:\/\/kursy.lang.com.pl\/sklep\/b2-first-quick-preparation\/","url":"https:\/\/kursy.lang.com.pl\/sklep\/b2-first-quick-preparation\/","name":"B2 First Certificate Masterclass - Lang LTC Courses","isPartOf":{"@id":"https:\/\/kursy.lang.com.pl\/#website"},"primaryImageOfPage":{"@id":"https:\/\/kursy.lang.com.pl\/sklep\/b2-first-quick-preparation\/#primaryimage"},"image":{"@id":"https:\/\/kursy.lang.com.pl\/sklep\/b2-first-quick-preparation\/#primaryimage"},"thumbnailUrl":"https:\/\/kursy.lang.com.pl\/wp-content\/uploads\/2024\/12\/B2-Masterclass.png","datePublished":"2024-12-05T09:19:01+00:00","dateModified":"2025-02-11T10:36:56+00:00","breadcrumb":{"@id":"https:\/\/kursy.lang.com.pl\/sklep\/b2-first-quick-preparation\/#breadcrumb"},"inLanguage":"en-US","potentialAction":[{"@type":"ReadAction","target":["https:\/\/kursy.lang.com.pl\/sklep\/b2-first-quick-preparation\/"]}]},{"@type":"ImageObject","inLanguage":"en-US","@id":"https:\/\/kursy.lang.com.pl\/sklep\/b2-first-quick-preparation\/#primaryimage","url":"https:\/\/kursy.lang.com.pl\/wp-content\/uploads\/2024\/12\/B2-Masterclass.png","contentUrl":"https:\/\/kursy.lang.com.pl\/wp-content\/uploads\/2024\/12\/B2-Masterclass.png","width":1080,"height":1080},{"@type":"BreadcrumbList","@id":"https:\/\/kursy.lang.com.pl\/sklep\/b2-first-quick-preparation\/#breadcrumb","itemListElement":[{"@type":"ListItem","position":1,"name":"Strona g\u0142\u00f3wna","item":"https:\/\/kursy.lang.com.pl\/en\/"},{"@type":"ListItem","position":2,"name":"Sklep","item":"https:\/\/kursy.lang.com.pl\/sklep\/"},{"@type":"ListItem","position":3,"name":"B2 First Certificate Masterclass"}]},{"@type":"WebSite","@id":"https:\/\/kursy.lang.com.pl\/#website","url":"https:\/\/kursy.lang.com.pl\/","name":"Lang LTC Courses","description":"","publisher":{"@id":"https:\/\/kursy.lang.com.pl\/#organization"},"potentialAction":[{"@type":"SearchAction","target":{"@type":"EntryPoint","urlTemplate":"https:\/\/kursy.lang.com.pl\/?s={search_term_string}"},"query-input":{"@type":"PropertyValueSpecification","valueRequired":true,"valueName":"search_term_string"}}],"inLanguage":"en-US"},{"@type":"Organization","@id":"https:\/\/kursy.lang.com.pl\/#organization","name":"Lang LTC Courses","url":"https:\/\/kursy.lang.com.pl\/","logo":{"@type":"ImageObject","inLanguage":"en-US","@id":"https:\/\/kursy.lang.com.pl\/#\/schema\/logo\/image\/","url":"https:\/\/kursy.lang.com.pl\/wp-content\/uploads\/2024\/06\/cropped-cropped-logo-ltc-print.png","contentUrl":"https:\/\/kursy.lang.com.pl\/wp-content\/uploads\/2024\/06\/cropped-cropped-logo-ltc-print.png","width":996,"height":657,"caption":"Lang LTC Courses"},"image":{"@id":"https:\/\/kursy.lang.com.pl\/#\/schema\/logo\/image\/"}}]}},"_links":{"self":[{"href":"https:\/\/kursy.lang.com.pl\/en\/wp-json\/wp\/v2\/product\/20367","targetHints":{"allow":["GET"]}}],"collection":[{"href":"https:\/\/kursy.lang.com.pl\/en\/wp-json\/wp\/v2\/product"}],"about":[{"href":"https:\/\/kursy.lang.com.pl\/en\/wp-json\/wp\/v2\/types\/product"}],"wp:featuredmedia":[{"embeddable":true,"href":"https:\/\/kursy.lang.com.pl\/en\/wp-json\/wp\/v2\/media\/20456"}],"wp:attachment":[{"href":"https:\/\/kursy.lang.com.pl\/en\/wp-json\/wp\/v2\/media?parent=20367"}],"wp:term":[{"taxonomy":"product_brand","embeddable":true,"href":"https:\/\/kursy.lang.com.pl\/en\/wp-json\/wp\/v2\/product_brand?post=20367"},{"taxonomy":"product_cat","embeddable":true,"href":"https:\/\/kursy.lang.com.pl\/en\/wp-json\/wp\/v2\/product_cat?post=20367"},{"taxonomy":"product_tag","embeddable":true,"href":"https:\/\/kursy.lang.com.pl\/en\/wp-json\/wp\/v2\/product_tag?post=20367"}],"curies":[{"name":"wp","href":"https:\/\/api.w.org\/{rel}","templated":true}]}}