{"id":19930,"date":"2024-10-25T13:25:50","date_gmt":"2024-10-25T11:25:50","guid":{"rendered":"https:\/\/kursy.lang.com.pl\/?post_type=product&#038;p=19930"},"modified":"2025-02-11T17:00:42","modified_gmt":"2025-02-11T16:00:42","slug":"c1-advanced-masterclass","status":"publish","type":"product","link":"https:\/\/kursy.lang.com.pl\/en\/sklep\/c1-advanced-masterclass\/","title":{"rendered":"C1 Advanced Certificate Masterclass"},"content":{"rendered":"<div class=\"el-p\">\n<h4>Cambridge C1 Advanced (CAE) Online Masterclass \u2013 Dzi\u015b kurs, jutro certyfikat!<\/h4>\n<p>Chcesz zda\u0107 egzamin <strong>C1 Advanced (CAE)<\/strong> i zdoby\u0107 mi\u0119dzynarodowy certyfikat?<br \/>\nNasz kurs online to kompleksowe przygotowanie, kt\u00f3re pomo\u017ce Ci osi\u0105gn\u0105\u0107 wymarzony wynik!<\/p>\n<p>&#x2705;<strong> Stworzony przez ekspert\u00f3w<\/strong> \u2013 kurs zaprojektowany przez specjalist\u00f3w z Platinum Cambridge Exam Centre, kt\u00f3rzy rocznie przygotowuj\u0105 ponad 12 000 os\u00f3b do egzamin\u00f3w j\u0119zykowych.<\/p>\n<p>&#x2705; <strong>Kompleksowy program nauki<\/strong><\/p>\n<ul>\n<li>15 lekcji wideo \u2013 \u0142\u0105cznie 180 minut nagra\u0144<\/li>\n<li>Wszystkie sekcje egzaminu: czytanie, gramatyka, pisanie, s\u0142uchanie, m\u00f3wienie<\/li>\n<li>Szczeg\u00f3\u0142owe wyja\u015bnienie zasad oceniania \u2013 dowiesz si\u0119, jak spe\u0142ni\u0107 wymagania egzaminator\u00f3w<\/li>\n<li>Analiza wszystkich rodzaj\u00f3w zada\u0144 egzaminacyjnych Praktyczne strategie i techniki zdawania egzaminu Ponad 40 porad, jak zarz\u0105dza\u0107 czasem, radzi\u0107 sobie z trudnymi pytaniami i unika\u0107 b\u0142\u0119d\u00f3w<\/li>\n<li>Elastyczna nauka \u2013 realizuj kurs w swoim tempie, z pe\u0142nym dost\u0119pem do materia\u0142\u00f3w online.<\/li>\n<\/ul>\n<p><strong>Dlaczego warto?<\/strong><\/p>\n<p>&#x2714; Bez stresu i presji \u2013 przygotowanie dostosowane do Twoich potrzeb<br \/>\n&#x2714; Pewno\u015b\u0107 siebie na egzaminie \u2013 skuteczne strategie, poprawa gramatyki, rozw\u00f3j umiej\u0119tno\u015bci pisania i p\u0142ynnego m\u00f3wienia<\/p>\n<p><strong>Zapisz si\u0119 ju\u017c teraz i zr\u00f3b pierwszy krok w kierunku certyfikatu C1 Advanced!<\/strong><\/p>\n<\/div>\n","protected":false},"excerpt":{"rendered":"<h4>Cambridge C1 Advanced (CAE) Online Masterclass \u2013 Dzi\u015b kurs, jutro certyfikat!<\/h4>\n<p>Chcesz zda\u0107 egzamin\u00a0<strong>C1 Advanced (CAE)<\/strong>\u00a0i zdoby\u0107 mi\u0119dzynarodowy certyfikat?<br \/>\nNasz kurs online to kompleksowe przygotowanie, kt\u00f3re pomo\u017ce Ci osi\u0105gn\u0105\u0107 wymarzony wynik!<\/p>\n<p>&#x2705;<strong>\u00a0Stworzony przez ekspert\u00f3w<\/strong>\u00a0\u2013 kurs zaprojektowany przez specjalist\u00f3w z Platinum Cambridge Exam Centre, kt\u00f3rzy rocznie przygotowuj\u0105 ponad 12 000 os\u00f3b do egzamin\u00f3w j\u0119zykowych.<\/p>\n","protected":false},"featured_media":20455,"template":"","meta":[],"product_brand":[],"product_cat":[217],"product_tag":[],"class_list":{"0":"post-19930","1":"product","2":"type-product","3":"status-publish","4":"has-post-thumbnail","6":"product_cat-c1-advanced","8":"first","9":"instock","10":"sale","11":"virtual","12":"sold-individually","13":"purchasable","14":"product-type-course"},"yoast_head":"<!-- This site is optimized with the Yoast SEO plugin v27.0 - https:\/\/yoast.com\/product\/yoast-seo-wordpress\/ -->\n<title>C1 Advanced Certificate Masterclass - Lang LTC Courses<\/title>\n<meta name=\"robots\" content=\"index, follow, max-snippet:-1, max-image-preview:large, max-video-preview:-1\" \/>\n<link rel=\"canonical\" href=\"https:\/\/kursy.lang.com.pl\/sklep\/c1-advanced-masterclass\/\" \/>\n<meta property=\"og:locale\" content=\"en_US\" \/>\n<meta property=\"og:type\" content=\"article\" \/>\n<meta property=\"og:title\" content=\"C1 Advanced Certificate Masterclass - Lang LTC Courses\" \/>\n<meta property=\"og:description\" content=\"Cambridge C1 Advanced (CAE) Online Masterclass \u2013 Dzi\u015b kurs, jutro certyfikat! Chcesz zda\u0107 egzamin\u00a0C1 Advanced (CAE)\u00a0i zdoby\u0107 mi\u0119dzynarodowy certyfikat? Nasz kurs online to kompleksowe przygotowanie, kt\u00f3re pomo\u017ce Ci osi\u0105gn\u0105\u0107 wymarzony wynik!  &#x2705;\u00a0Stworzony przez ekspert\u00f3w\u00a0\u2013 kurs zaprojektowany przez specjalist\u00f3w z Platinum Cambridge Exam Centre, kt\u00f3rzy rocznie przygotowuj\u0105 ponad 12 000 os\u00f3b do egzamin\u00f3w j\u0119zykowych.\" \/>\n<meta property=\"og:url\" content=\"https:\/\/kursy.lang.com.pl\/sklep\/c1-advanced-masterclass\/\" \/>\n<meta property=\"og:site_name\" content=\"Lang LTC Courses\" \/>\n<meta property=\"article:modified_time\" content=\"2025-02-11T16:00:42+00:00\" \/>\n<meta property=\"og:image\" content=\"https:\/\/kursy.lang.com.pl\/wp-content\/uploads\/2024\/12\/C1-Masterclass.png\" \/>\n\t<meta property=\"og:image:width\" content=\"1080\" \/>\n\t<meta property=\"og:image:height\" content=\"1080\" \/>\n\t<meta property=\"og:image:type\" content=\"image\/png\" \/>\n<meta name=\"twitter:card\" content=\"summary_large_image\" \/>\n<meta name=\"twitter:label1\" content=\"Est. reading time\" \/>\n\t<meta name=\"twitter:data1\" content=\"2 minutes\" \/>\n<script type=\"application\/ld+json\" class=\"yoast-schema-graph\">{\"@context\":\"https:\/\/schema.org\",\"@graph\":[{\"@type\":\"WebPage\",\"@id\":\"https:\/\/kursy.lang.com.pl\/sklep\/c1-advanced-masterclass\/\",\"url\":\"https:\/\/kursy.lang.com.pl\/sklep\/c1-advanced-masterclass\/\",\"name\":\"C1 Advanced Certificate Masterclass - Lang LTC Courses\",\"isPartOf\":{\"@id\":\"https:\/\/kursy.lang.com.pl\/#website\"},\"primaryImageOfPage\":{\"@id\":\"https:\/\/kursy.lang.com.pl\/sklep\/c1-advanced-masterclass\/#primaryimage\"},\"image\":{\"@id\":\"https:\/\/kursy.lang.com.pl\/sklep\/c1-advanced-masterclass\/#primaryimage\"},\"thumbnailUrl\":\"https:\/\/kursy.lang.com.pl\/wp-content\/uploads\/2024\/12\/C1-Masterclass.png\",\"datePublished\":\"2024-10-25T11:25:50+00:00\",\"dateModified\":\"2025-02-11T16:00:42+00:00\",\"breadcrumb\":{\"@id\":\"https:\/\/kursy.lang.com.pl\/sklep\/c1-advanced-masterclass\/#breadcrumb\"},\"inLanguage\":\"en-US\",\"potentialAction\":[{\"@type\":\"ReadAction\",\"target\":[\"https:\/\/kursy.lang.com.pl\/sklep\/c1-advanced-masterclass\/\"]}]},{\"@type\":\"ImageObject\",\"inLanguage\":\"en-US\",\"@id\":\"https:\/\/kursy.lang.com.pl\/sklep\/c1-advanced-masterclass\/#primaryimage\",\"url\":\"https:\/\/kursy.lang.com.pl\/wp-content\/uploads\/2024\/12\/C1-Masterclass.png\",\"contentUrl\":\"https:\/\/kursy.lang.com.pl\/wp-content\/uploads\/2024\/12\/C1-Masterclass.png\",\"width\":1080,\"height\":1080},{\"@type\":\"BreadcrumbList\",\"@id\":\"https:\/\/kursy.lang.com.pl\/sklep\/c1-advanced-masterclass\/#breadcrumb\",\"itemListElement\":[{\"@type\":\"ListItem\",\"position\":1,\"name\":\"Strona g\u0142\u00f3wna\",\"item\":\"https:\/\/kursy.lang.com.pl\/en\/\"},{\"@type\":\"ListItem\",\"position\":2,\"name\":\"Sklep\",\"item\":\"https:\/\/kursy.lang.com.pl\/sklep\/\"},{\"@type\":\"ListItem\",\"position\":3,\"name\":\"C1 Advanced Certificate Masterclass\"}]},{\"@type\":\"WebSite\",\"@id\":\"https:\/\/kursy.lang.com.pl\/#website\",\"url\":\"https:\/\/kursy.lang.com.pl\/\",\"name\":\"Lang LTC Courses\",\"description\":\"\",\"publisher\":{\"@id\":\"https:\/\/kursy.lang.com.pl\/#organization\"},\"potentialAction\":[{\"@type\":\"SearchAction\",\"target\":{\"@type\":\"EntryPoint\",\"urlTemplate\":\"https:\/\/kursy.lang.com.pl\/?s={search_term_string}\"},\"query-input\":{\"@type\":\"PropertyValueSpecification\",\"valueRequired\":true,\"valueName\":\"search_term_string\"}}],\"inLanguage\":\"en-US\"},{\"@type\":\"Organization\",\"@id\":\"https:\/\/kursy.lang.com.pl\/#organization\",\"name\":\"Lang LTC Courses\",\"url\":\"https:\/\/kursy.lang.com.pl\/\",\"logo\":{\"@type\":\"ImageObject\",\"inLanguage\":\"en-US\",\"@id\":\"https:\/\/kursy.lang.com.pl\/#\/schema\/logo\/image\/\",\"url\":\"https:\/\/kursy.lang.com.pl\/wp-content\/uploads\/2024\/06\/cropped-cropped-logo-ltc-print.png\",\"contentUrl\":\"https:\/\/kursy.lang.com.pl\/wp-content\/uploads\/2024\/06\/cropped-cropped-logo-ltc-print.png\",\"width\":996,\"height\":657,\"caption\":\"Lang LTC Courses\"},\"image\":{\"@id\":\"https:\/\/kursy.lang.com.pl\/#\/schema\/logo\/image\/\"}}]}<\/script>\n<!-- \/ Yoast SEO plugin. -->","yoast_head_json":{"title":"C1 Advanced Certificate Masterclass - Lang LTC Courses","robots":{"index":"index","follow":"follow","max-snippet":"max-snippet:-1","max-image-preview":"max-image-preview:large","max-video-preview":"max-video-preview:-1"},"canonical":"https:\/\/kursy.lang.com.pl\/sklep\/c1-advanced-masterclass\/","og_locale":"en_US","og_type":"article","og_title":"C1 Advanced Certificate Masterclass - Lang LTC Courses","og_description":"Cambridge C1 Advanced (CAE) Online Masterclass \u2013 Dzi\u015b kurs, jutro certyfikat! Chcesz zda\u0107 egzamin\u00a0C1 Advanced (CAE)\u00a0i zdoby\u0107 mi\u0119dzynarodowy certyfikat? Nasz kurs online to kompleksowe przygotowanie, kt\u00f3re pomo\u017ce Ci osi\u0105gn\u0105\u0107 wymarzony wynik!  &#x2705;\u00a0Stworzony przez ekspert\u00f3w\u00a0\u2013 kurs zaprojektowany przez specjalist\u00f3w z Platinum Cambridge Exam Centre, kt\u00f3rzy rocznie przygotowuj\u0105 ponad 12 000 os\u00f3b do egzamin\u00f3w j\u0119zykowych.","og_url":"https:\/\/kursy.lang.com.pl\/sklep\/c1-advanced-masterclass\/","og_site_name":"Lang LTC Courses","article_modified_time":"2025-02-11T16:00:42+00:00","og_image":[{"width":1080,"height":1080,"url":"https:\/\/kursy.lang.com.pl\/wp-content\/uploads\/2024\/12\/C1-Masterclass.png","type":"image\/png"}],"twitter_card":"summary_large_image","twitter_misc":{"Est. reading time":"2 minutes"},"schema":{"@context":"https:\/\/schema.org","@graph":[{"@type":"WebPage","@id":"https:\/\/kursy.lang.com.pl\/sklep\/c1-advanced-masterclass\/","url":"https:\/\/kursy.lang.com.pl\/sklep\/c1-advanced-masterclass\/","name":"C1 Advanced Certificate Masterclass - Lang LTC Courses","isPartOf":{"@id":"https:\/\/kursy.lang.com.pl\/#website"},"primaryImageOfPage":{"@id":"https:\/\/kursy.lang.com.pl\/sklep\/c1-advanced-masterclass\/#primaryimage"},"image":{"@id":"https:\/\/kursy.lang.com.pl\/sklep\/c1-advanced-masterclass\/#primaryimage"},"thumbnailUrl":"https:\/\/kursy.lang.com.pl\/wp-content\/uploads\/2024\/12\/C1-Masterclass.png","datePublished":"2024-10-25T11:25:50+00:00","dateModified":"2025-02-11T16:00:42+00:00","breadcrumb":{"@id":"https:\/\/kursy.lang.com.pl\/sklep\/c1-advanced-masterclass\/#breadcrumb"},"inLanguage":"en-US","potentialAction":[{"@type":"ReadAction","target":["https:\/\/kursy.lang.com.pl\/sklep\/c1-advanced-masterclass\/"]}]},{"@type":"ImageObject","inLanguage":"en-US","@id":"https:\/\/kursy.lang.com.pl\/sklep\/c1-advanced-masterclass\/#primaryimage","url":"https:\/\/kursy.lang.com.pl\/wp-content\/uploads\/2024\/12\/C1-Masterclass.png","contentUrl":"https:\/\/kursy.lang.com.pl\/wp-content\/uploads\/2024\/12\/C1-Masterclass.png","width":1080,"height":1080},{"@type":"BreadcrumbList","@id":"https:\/\/kursy.lang.com.pl\/sklep\/c1-advanced-masterclass\/#breadcrumb","itemListElement":[{"@type":"ListItem","position":1,"name":"Strona g\u0142\u00f3wna","item":"https:\/\/kursy.lang.com.pl\/en\/"},{"@type":"ListItem","position":2,"name":"Sklep","item":"https:\/\/kursy.lang.com.pl\/sklep\/"},{"@type":"ListItem","position":3,"name":"C1 Advanced Certificate Masterclass"}]},{"@type":"WebSite","@id":"https:\/\/kursy.lang.com.pl\/#website","url":"https:\/\/kursy.lang.com.pl\/","name":"Lang LTC Courses","description":"","publisher":{"@id":"https:\/\/kursy.lang.com.pl\/#organization"},"potentialAction":[{"@type":"SearchAction","target":{"@type":"EntryPoint","urlTemplate":"https:\/\/kursy.lang.com.pl\/?s={search_term_string}"},"query-input":{"@type":"PropertyValueSpecification","valueRequired":true,"valueName":"search_term_string"}}],"inLanguage":"en-US"},{"@type":"Organization","@id":"https:\/\/kursy.lang.com.pl\/#organization","name":"Lang LTC Courses","url":"https:\/\/kursy.lang.com.pl\/","logo":{"@type":"ImageObject","inLanguage":"en-US","@id":"https:\/\/kursy.lang.com.pl\/#\/schema\/logo\/image\/","url":"https:\/\/kursy.lang.com.pl\/wp-content\/uploads\/2024\/06\/cropped-cropped-logo-ltc-print.png","contentUrl":"https:\/\/kursy.lang.com.pl\/wp-content\/uploads\/2024\/06\/cropped-cropped-logo-ltc-print.png","width":996,"height":657,"caption":"Lang LTC Courses"},"image":{"@id":"https:\/\/kursy.lang.com.pl\/#\/schema\/logo\/image\/"}}]}},"_links":{"self":[{"href":"https:\/\/kursy.lang.com.pl\/en\/wp-json\/wp\/v2\/product\/19930","targetHints":{"allow":["GET"]}}],"collection":[{"href":"https:\/\/kursy.lang.com.pl\/en\/wp-json\/wp\/v2\/product"}],"about":[{"href":"https:\/\/kursy.lang.com.pl\/en\/wp-json\/wp\/v2\/types\/product"}],"wp:featuredmedia":[{"embeddable":true,"href":"https:\/\/kursy.lang.com.pl\/en\/wp-json\/wp\/v2\/media\/20455"}],"wp:attachment":[{"href":"https:\/\/kursy.lang.com.pl\/en\/wp-json\/wp\/v2\/media?parent=19930"}],"wp:term":[{"taxonomy":"product_brand","embeddable":true,"href":"https:\/\/kursy.lang.com.pl\/en\/wp-json\/wp\/v2\/product_brand?post=19930"},{"taxonomy":"product_cat","embeddable":true,"href":"https:\/\/kursy.lang.com.pl\/en\/wp-json\/wp\/v2\/product_cat?post=19930"},{"taxonomy":"product_tag","embeddable":true,"href":"https:\/\/kursy.lang.com.pl\/en\/wp-json\/wp\/v2\/product_tag?post=19930"}],"curies":[{"name":"wp","href":"https:\/\/api.w.org\/{rel}","templated":true}]}}